{"id":3047,"date":"2018-07-06T11:10:36","date_gmt":"2018-07-06T09:10:36","guid":{"rendered":"https:\/\/www.vertex-nine.net\/herzogbau2022\/?page_id=3047"},"modified":"2021-04-24T19:56:48","modified_gmt":"2021-04-24T17:56:48","slug":"bautraeger","status":"publish","type":"page","link":"https:\/\/www.vertex-nine.net\/herzogbau2022\/bautraeger\/","title":{"rendered":"Bautr\u00e4ger"},"content":{"rendered":"<p>[vc_row fullwidth=&#8221;yes&#8221;][vc_column]\n\t\t\t<!-- START bautraegerV2 REVOLUTION SLIDER 6.5.19 --><p class=\"rs-p-wp-fix\"><\/p>\n\t\t\t<rs-module-wrap id=\"rev_slider_20_1_wrapper\" data-source=\"gallery\" style=\"visibility:hidden;background:#E9E9E9;padding:0;\">\n\t\t\t\t<rs-module id=\"rev_slider_20_1\" style=\"\" data-version=\"6.5.19\">\n\t\t\t\t\t<rs-slides>\n\t\t\t\t\t\t<rs-slide style=\"position: absolute;\" data-key=\"rs-40\" data-title=\"Slide 1\" data-anim=\"ms:500;\" data-in=\"o:0;\" data-out=\"a:false;\">\n\t\t\t\t\t\t\t<img src=\"\/\/www.vertex-nine.net\/herzogbau2022\/wp-content\/plugins\/revslider\/public\/assets\/assets\/dummy.png\" alt=\"\" title=\"Bautr\u00e4ger\" class=\"rev-slidebg tp-rs-img rs-lazyload\" data-lazyload=\"\/\/www.vertex-nine.net\/herzogbau2022\/wp-content\/uploads\/2018\/04\/Herzog_slider_6_plan_light.jpg\" data-bg=\"p:center top;\" data-no-retina>\n<!--\n\t\t\t\t\t\t\t--><rs-layer\n\t\t\t\t\t\t\t\tid=\"slider-20-slide-40-layer-1\" \n\t\t\t\t\t\t\t\tclass=\"big-white\"\n\t\t\t\t\t\t\t\tdata-type=\"text\"\n\t\t\t\t\t\t\t\tdata-color=\"rgba(255, 255, 255, 1)\"\n\t\t\t\t\t\t\t\tdata-rsp_ch=\"on\"\n\t\t\t\t\t\t\t\tdata-xy=\"yo:201px,201px,201px,315px;\"\n\t\t\t\t\t\t\t\tdata-text=\"s:16;l:22;fw:300;\"\n\t\t\t\t\t\t\t\tdata-frame_0=\"y:-50px;tp:600;\"\n\t\t\t\t\t\t\t\tdata-frame_1=\"tp:600;e:easeInOutExpo;st:400;sp:800;sR:400;\"\n\t\t\t\t\t\t\t\tdata-frame_999=\"y:-50px;o:0;tp:600;e:nothing;st:w;sp:450;sR:4800;\"\n\t\t\t\t\t\t\t\tstyle=\"z-index:5;font-family:'';\"\n\t\t\t\t\t\t\t>RUNDUMSERVICE \n\t\t\t\t\t\t\t<\/rs-layer><!--\n\n\t\t\t\t\t\t\t--><rs-layer\n\t\t\t\t\t\t\t\tid=\"slider-20-slide-40-layer-2\" \n\t\t\t\t\t\t\t\tclass=\"big-text\"\n\t\t\t\t\t\t\t\tdata-type=\"text\"\n\t\t\t\t\t\t\t\tdata-color=\"rgba(255, 255, 255, 1)\"\n\t\t\t\t\t\t\t\tdata-rsp_ch=\"on\"\n\t\t\t\t\t\t\t\tdata-xy=\"xo:0,0,0,-498px;y:m;yo:0,0,0,239px;\"\n\t\t\t\t\t\t\t\tdata-text=\"l:22;\"\n\t\t\t\t\t\t\t\tdata-vbility=\"t,t,t,f\"\n\t\t\t\t\t\t\t\tdata-frame_0=\"sX:2;sY:2;tp:600;\"\n\t\t\t\t\t\t\t\tdata-frame_1=\"tp:600;e:easeInOutExpo;st:400;sp:800;sR:400;\"\n\t\t\t\t\t\t\t\tdata-frame_999=\"x:0;y:0;z:-50;sX:0.85;sY:0.85;o:0;rX:0;rY:0;rZ:0;skX:0;skY:0;tp:600;e:easeInOutExpo;st:w;sp:400;sR:4800;\"\n\t\t\t\t\t\t\t\tstyle=\"z-index:6;font-family:'';\"\n\t\t\t\t\t\t\t><h2>SORGLOS SCHL\u00dcSSELFERTIG<\/h2> \n\t\t\t\t\t\t\t<\/rs-layer><!--\n\n\t\t\t\t\t\t\t--><rs-layer\n\t\t\t\t\t\t\t\tid=\"slider-20-slide-40-layer-3\" \n\t\t\t\t\t\t\t\tclass=\"big-text\"\n\t\t\t\t\t\t\t\tdata-type=\"text\"\n\t\t\t\t\t\t\t\tdata-color=\"rgba(255, 255, 255, 1)\"\n\t\t\t\t\t\t\t\tdata-rsp_ch=\"on\"\n\t\t\t\t\t\t\t\tdata-xy=\"xo:5px,5px,5px,0;y:m;yo:5px;\"\n\t\t\t\t\t\t\t\tdata-text=\"l:22;\"\n\t\t\t\t\t\t\t\tdata-vbility=\"f,f,f,t\"\n\t\t\t\t\t\t\t\tdata-frame_0=\"sX:2;sY:2;tp:600;\"\n\t\t\t\t\t\t\t\tdata-frame_1=\"tp:600;e:easeInOutExpo;st:400;sp:800;sR:400;\"\n\t\t\t\t\t\t\t\tdata-frame_999=\"x:0;y:0;z:-50;sX:0.85;sY:0.85;o:0;rX:0;rY:0;rZ:0;skX:0;skY:0;tp:600;e:easeInOutExpo;st:w;sp:400;sR:4800;\"\n\t\t\t\t\t\t\t\tstyle=\"z-index:7;font-family:'';\"\n\t\t\t\t\t\t\t><h2>SORGLOS<\/h2> \n\t\t\t\t\t\t\t<\/rs-layer><!--\n\n\t\t\t\t\t\t\t--><rs-layer\n\t\t\t\t\t\t\t\tid=\"slider-20-slide-40-layer-4\" \n\t\t\t\t\t\t\t\tclass=\"big-text\"\n\t\t\t\t\t\t\t\tdata-type=\"text\"\n\t\t\t\t\t\t\t\tdata-color=\"rgba(255, 255, 255, 1)\"\n\t\t\t\t\t\t\t\tdata-rsp_ch=\"on\"\n\t\t\t\t\t\t\t\tdata-xy=\"xo:10px,10px,10px,0;y:m;yo:10px,10px,10px,59px;\"\n\t\t\t\t\t\t\t\tdata-text=\"l:22;\"\n\t\t\t\t\t\t\t\tdata-vbility=\"f,f,f,t\"\n\t\t\t\t\t\t\t\tdata-frame_0=\"sX:2;sY:2;tp:600;\"\n\t\t\t\t\t\t\t\tdata-frame_1=\"tp:600;e:easeInOutExpo;st:400;sp:800;sR:400;\"\n\t\t\t\t\t\t\t\tdata-frame_999=\"x:0;y:0;z:-50;sX:0.85;sY:0.85;o:0;rX:0;rY:0;rZ:0;skX:0;skY:0;tp:600;e:easeInOutExpo;st:w;sp:400;sR:4800;\"\n\t\t\t\t\t\t\t\tstyle=\"z-index:8;font-family:'';\"\n\t\t\t\t\t\t\t><h2>SCHL\u00dcSSEL-<\/h2> \n\t\t\t\t\t\t\t<\/rs-layer><!--\n\n\t\t\t\t\t\t\t--><rs-layer\n\t\t\t\t\t\t\t\tid=\"slider-20-slide-40-layer-5\" \n\t\t\t\t\t\t\t\tclass=\"big-text\"\n\t\t\t\t\t\t\t\tdata-type=\"text\"\n\t\t\t\t\t\t\t\tdata-color=\"rgba(255, 255, 255, 1)\"\n\t\t\t\t\t\t\t\tdata-rsp_ch=\"on\"\n\t\t\t\t\t\t\t\tdata-xy=\"xo:10px,10px,10px,0;y:m;yo:10px,10px,10px,113px;\"\n\t\t\t\t\t\t\t\tdata-text=\"l:22;\"\n\t\t\t\t\t\t\t\tdata-vbility=\"f,f,f,t\"\n\t\t\t\t\t\t\t\tdata-frame_0=\"sX:2;sY:2;tp:600;\"\n\t\t\t\t\t\t\t\tdata-frame_1=\"tp:600;e:easeInOutExpo;st:400;sp:800;sR:400;\"\n\t\t\t\t\t\t\t\tdata-frame_999=\"x:0;y:0;z:-50;sX:0.85;sY:0.85;o:0;rX:0;rY:0;rZ:0;skX:0;skY:0;tp:600;e:easeInOutExpo;st:w;sp:400;sR:4800;\"\n\t\t\t\t\t\t\t\tstyle=\"z-index:9;font-family:'';\"\n\t\t\t\t\t\t\t><h2>FERTIG<\/h2> \n\t\t\t\t\t\t\t<\/rs-layer><!--\n-->\t\t\t\t\t\t<\/rs-slide>\n\t\t\t\t\t<\/rs-slides>\n\t\t\t\t<\/rs-module>\n\t\t\t\t<script>\n\t\t\t\t\tsetREVStartSize({c: 'rev_slider_20_1',rl:[1240,1240,1240,480],el:[],gw:[1170,1170,1170,480],gh:[500,500,500,720],type:'standard',justify:'',layout:'fullscreen',offsetContainer:'',offset:'',mh:\"0\"});if (window.RS_MODULES!==undefined && window.RS_MODULES.modules!==undefined && window.RS_MODULES.modules[\"revslider201\"]!==undefined) {window.RS_MODULES.modules[\"revslider201\"].once = false;window.revapi20 = undefined;if (window.RS_MODULES.checkMinimal!==undefined) window.RS_MODULES.checkMinimal()}\n\t\t\t\t<\/script>\n\t\t\t<\/rs-module-wrap>\n\t\t\t<!-- END REVOLUTION SLIDER -->\n[\/vc_column][\/vc_row][vc_row css=&#8221;.vc_custom_1531227628668{padding-top: 90px !important;padding-bottom: 15px !important;}&#8221;][vc_column animate=&#8221;fadeinup&#8221;]\n\t<!-- Element: OT Heading --> \t \n\t<h1 class=\"ot_custom_heading  \" style=\"text-align: center;\" >BAUTR\u00c4GER<\/h1>\t\n\t<!-- Element: OT Line solid --> \t \n\t<div class=\" separator \"><span><i class=\"fa fa-minus\"><\/i><\/span><\/div>\n\t<div class=\"spacer-single\"><\/div>\t      \n[\/vc_column][vc_column width=&#8221;1\/2&#8243; css=&#8221;.vc_custom_1530716368488{padding-right: 20px !important;}&#8221;][vc_column_text css=&#8221;.vc_custom_1529943093684{margin-bottom: 30px !important;}&#8221;]<\/p>\n<p style=\"text-align: justify;\">Unsere fast 100-j\u00e4hrige Erfahrung als Bau- und Immobilienexperten bringen wir in die Entwicklung eigener Wohn- und Gewerbeimmobilien ein. Als Bautr\u00e4ger \u00fcbernehmen wir von der Liegenschaftsakquisition bis zur schl\u00fcsselfertigen \u00dcbergabe das gesamte Projektmanagement und die Verantwortung f\u00fcr unsere Projekte und deren zuk\u00fcnftigen Eigent\u00fcmern.<\/p>\n<p>[\/vc_column_text][\/vc_column][vc_column width=&#8221;1\/2&#8243; css=&#8221;.vc_custom_1530716375384{padding-left: 20px !important;}&#8221;][vc_column_text css=&#8221;.vc_custom_1530716302198{margin-bottom: 30px !important;}&#8221;]<\/p>\n<p style=\"text-align: justify;\">Die Eigenprojekte von Herzog Bau zeichnen sich durch hohe Bauqualit\u00e4t und attraktive Architektur aus und werden direkt von uns verkauft und \u00fc\u0308bergeben. Vereinzelt ziehen wir auch die Expertise lokaler Vertriebspartner hinzu. Unsere K\u00e4ufer profitieren so von einer professionellen Abwicklung und h\u00f6chsten Quali\u00e4tsanspr\u00fcchen an die Immobilie selbst.\u00a0Einzigartige Immobilien eignen sich nicht nur als Eigenheim, sondern auch als optimale Wertanlage. Immobilien sind heutzutage die Helden unter den Kapitalanlagen.<\/p>\n<p>[\/vc_column_text][\/vc_column][\/vc_row][vc_row css=&#8221;.vc_custom_1531227620740{margin-top: 0px !important;border-top-width: 0px !important;padding-top: 0px !important;padding-bottom: 60px !important;}&#8221;][vc_column width=&#8221;1\/2&#8243; animate=&#8221;fadeinup&#8221;][vc_single_image image=&#8221;2236&#8243; img_size=&#8221;full&#8221;][\/vc_column][vc_column width=&#8221;1\/2&#8243; animate=&#8221;fadeinleft&#8221;]\n\t<!-- Element: OT Heading --> \t \n\t<h2 class=\"ot_custom_heading  \" style=\"text-align: left;color: #013571;\" >IHR PLUS<\/h2>\t\n[vc_row_inner content_placement=&#8221;middle&#8221; css=&#8221;.vc_custom_1532541220621{margin-top: 0px !important;border-top-width: 0px !important;padding-top: 0px !important;}&#8221;][vc_column_inner width=&#8221;1\/6&#8243; css=&#8221;.vc_custom_1532541089660{margin-top: 0px !important;margin-bottom: 0px !important;margin-left: -30px !important;border-top-width: 0px !important;border-bottom-width: 0px !important;padding-top: 0px !important;padding-bottom: 0px !important;padding-left: -25px !important;}&#8221; offset=&#8221;vc_hidden-xs&#8221;][vc_empty_space height=&#8221;9px&#8221;][vc_icon icon_fontawesome=&#8221;fa fa-handshake-o&#8221; color=&#8221;custom&#8221; size=&#8221;lg&#8221; align=&#8221;right&#8221; custom_color=&#8221;#50b400&#8243; css=&#8221;.vc_custom_1532541206456{margin-top: 0px !important;margin-right: 0px !important;margin-bottom: 0px !important;margin-left: 0px !important;border-top-width: 0px !important;border-right-width: 0px !important;border-bottom-width: 0px !important;border-left-width: 0px !important;padding-top: 0px !important;padding-right: 0px !important;padding-bottom: 0px !important;padding-left: 0px !important;}&#8221;][vc_empty_space height=&#8221;12px&#8221;][vc_icon icon_fontawesome=&#8221;fa fa-home&#8221; color=&#8221;custom&#8221; size=&#8221;lg&#8221; align=&#8221;right&#8221; custom_color=&#8221;#50b400&#8243; css=&#8221;.vc_custom_1532541254768{margin-top: 0px !important;margin-right: 0px !important;margin-bottom: 0px !important;margin-left: 0px !important;border-top-width: 0px !important;border-right-width: 0px !important;border-bottom-width: 0px !important;border-left-width: 0px !important;padding-top: 0px !important;padding-right: 0px !important;padding-bottom: 0px !important;padding-left: 0px !important;}&#8221;][vc_empty_space height=&#8221;14px&#8221;][vc_icon icon_fontawesome=&#8221;fa fa-cogs&#8221; color=&#8221;custom&#8221; size=&#8221;lg&#8221; align=&#8221;right&#8221; custom_color=&#8221;#50b400&#8243; css=&#8221;.vc_custom_1532541265681{margin-top: 0px !important;margin-right: 0px !important;margin-bottom: 0px !important;margin-left: 0px !important;border-top-width: 0px !important;border-right-width: 0px !important;border-bottom-width: 0px !important;border-left-width: 0px !important;padding-top: 0px !important;padding-right: 0px !important;padding-bottom: 0px !important;padding-left: 0px !important;}&#8221;][\/vc_column_inner][vc_column_inner width=&#8221;5\/6&#8243; css=&#8221;.vc_custom_1532541126235{margin-bottom: 0px !important;border-bottom-width: 0px !important;padding-top: 25px !important;padding-bottom: 0px !important;}&#8221;][vc_column_text css=&#8221;.vc_custom_1531227500665{margin-top: 0px !important;margin-right: 0px !important;margin-bottom: 0px !important;margin-left: 0px !important;border-top-width: 0px !important;border-right-width: 0px !important;border-bottom-width: 0px !important;border-left-width: 0px !important;padding-top: 0px !important;padding-right: 0px !important;padding-bottom: 0px !important;padding-left: 0px !important;}&#8221;]<strong>Hohe Bauqualit\u00e4t seit fast 100 Jahren<\/strong>[\/vc_column_text][vc_empty_space height=&#8221;20px&#8221;][vc_single_image image=&#8221;2757&#8243; css=&#8221;.vc_custom_1530868498994{margin-top: 0px !important;margin-right: 0px !important;margin-bottom: 0px !important;margin-left: 0px !important;border-top-width: 0px !important;border-right-width: 0px !important;border-bottom-width: 0px !important;border-left-width: 0px !important;padding-top: 0px !important;padding-right: 0px !important;padding-bottom: 0px !important;padding-left: 0px !important;}&#8221;][vc_column_text css=&#8221;.vc_custom_1530868332119{margin-top: 0px !important;margin-right: 0px !important;margin-bottom: 0px !important;margin-left: 0px !important;border-top-width: 0px !important;border-right-width: 0px !important;border-bottom-width: 0px !important;border-left-width: 0px !important;padding-top: 0px !important;padding-right: 0px !important;padding-bottom: 0px !important;padding-left: 0px !important;}&#8221;]<strong>Alles aus einer Hand: Transparente Entstehungsgeschichte Ihres Kaufobjektes<\/strong>[\/vc_column_text][vc_empty_space height=&#8221;20px&#8221;][vc_single_image image=&#8221;2757&#8243; css=&#8221;.vc_custom_1530868498994{margin-top: 0px !important;margin-right: 0px !important;margin-bottom: 0px !important;margin-left: 0px !important;border-top-width: 0px !important;border-right-width: 0px !important;border-bottom-width: 0px !important;border-left-width: 0px !important;padding-top: 0px !important;padding-right: 0px !important;padding-bottom: 0px !important;padding-left: 0px !important;}&#8221;][vc_column_text css=&#8221;.vc_custom_1530868343088{margin-top: 0px !important;margin-right: 0px !important;margin-bottom: 0px !important;margin-left: 0px !important;border-top-width: 0px !important;border-right-width: 0px !important;border-bottom-width: 0px !important;border-left-width: 0px !important;padding-top: 0px !important;padding-right: 0px !important;padding-bottom: 0px !important;padding-left: 0px !important;}&#8221;]<strong>Professioneller Service zu Ihrer Immobilie<\/strong>[\/vc_column_text][\/vc_column_inner][\/vc_row_inner][\/vc_column][\/vc_row]<\/p>\n","protected":false},"excerpt":{"rendered":"<p>[vc_row fullwidth=&#8221;yes&#8221;][vc_column][\/vc_column][\/vc_row][vc_row css=&#8221;.vc_custom_1531227628668{padding-top: 90px !important;padding-bottom: 15px !important;}&#8221;][vc_column animate=&#8221;fadeinup&#8221;][\/vc_column][vc_column width=&#8221;1\/2&#8243; css=&#8221;.vc_custom_1530716368488{padding-right: 20px !important;}&#8221;][vc_column_text css=&#8221;.vc_custom_1529943093684{margin-bottom: 30px !important;}&#8221;] Unsere fast 100-j\u00e4hrige Erfahrung als Bau- und Immobilienexperten bringen wir in die Entwicklung eigener Wohn- und Gewerbeimmobilien ein. Als Bautr\u00e4ger \u00fcbernehmen wir von der Liegenschaftsakquisition bis zur schl\u00fcsselfertigen \u00dcbergabe das gesamte Projektmanagement und die Verantwortung f\u00fcr unsere Projekte und deren [&hellip;]<\/p>\n","protected":false},"author":1,"featured_media":0,"parent":0,"menu_order":0,"comment_status":"open","ping_status":"open","template":"page-templates\/template-canvas.php","meta":{"inline_featured_image":false},"_links":{"self":[{"href":"https:\/\/www.vertex-nine.net\/herzogbau2022\/wp-json\/wp\/v2\/pages\/3047"}],"collection":[{"href":"https:\/\/www.vertex-nine.net\/herzogbau2022\/wp-json\/wp\/v2\/pages"}],"about":[{"href":"https:\/\/www.vertex-nine.net\/herzogbau2022\/wp-json\/wp\/v2\/types\/page"}],"author":[{"embeddable":true,"href":"https:\/\/www.vertex-nine.net\/herzogbau2022\/wp-json\/wp\/v2\/users\/1"}],"replies":[{"embeddable":true,"href":"https:\/\/www.vertex-nine.net\/herzogbau2022\/wp-json\/wp\/v2\/comments?post=3047"}],"version-history":[{"count":26,"href":"https:\/\/www.vertex-nine.net\/herzogbau2022\/wp-json\/wp\/v2\/pages\/3047\/revisions"}],"predecessor-version":[{"id":17240,"href":"https:\/\/www.vertex-nine.net\/herzogbau2022\/wp-json\/wp\/v2\/pages\/3047\/revisions\/17240"}],"wp:attachment":[{"href":"https:\/\/www.vertex-nine.net\/herzogbau2022\/wp-json\/wp\/v2\/media?parent=3047"}],"curies":[{"name":"wp","href":"https:\/\/api.w.org\/{rel}","templated":true}]}}