{"id":2999,"date":"2018-07-04T14:47:40","date_gmt":"2018-07-04T12:47:40","guid":{"rendered":"https:\/\/www.vertex-nine.net\/herzogbau2022\/?page_id=2999"},"modified":"2021-04-24T20:24:49","modified_gmt":"2021-04-24T18:24:49","slug":"projektentwicklung","status":"publish","type":"page","link":"https:\/\/www.vertex-nine.net\/herzogbau2022\/projektentwicklung\/","title":{"rendered":"Projektentwicklung"},"content":{"rendered":"<p>[vc_row fullwidth=&#8221;yes&#8221;][vc_column]\n\t\t\t<!-- START projektentwicklungV2 REVOLUTION SLIDER 6.5.19 --><p class=\"rs-p-wp-fix\"><\/p>\n\t\t\t<rs-module-wrap id=\"rev_slider_19_1_wrapper\" data-source=\"gallery\" style=\"visibility:hidden;background:#E9E9E9;padding:0;\">\n\t\t\t\t<rs-module id=\"rev_slider_19_1\" style=\"\" data-version=\"6.5.19\">\n\t\t\t\t\t<rs-slides>\n\t\t\t\t\t\t<rs-slide style=\"position: absolute;\" data-key=\"rs-39\" data-title=\"Slide 1\" data-anim=\"ms:500;\" data-in=\"o:0;\" data-out=\"a:false;\">\n\t\t\t\t\t\t\t<img src=\"\/\/www.vertex-nine.net\/herzogbau2022\/wp-content\/plugins\/revslider\/public\/assets\/assets\/dummy.png\" alt=\"\" title=\"Projektentwicklung\" class=\"rev-slidebg tp-rs-img rs-lazyload\" data-lazyload=\"\/\/www.vertex-nine.net\/herzogbau2022\/wp-content\/uploads\/2018\/04\/Herzog_slider_6_construction_light.jpg\" data-bg=\"p:center top;\" data-no-retina>\n<!--\n\t\t\t\t\t\t\t--><rs-layer\n\t\t\t\t\t\t\t\tid=\"slider-19-slide-39-layer-1\" \n\t\t\t\t\t\t\t\tclass=\"big-white\"\n\t\t\t\t\t\t\t\tdata-type=\"text\"\n\t\t\t\t\t\t\t\tdata-color=\"rgba(255, 255, 255, 1)\"\n\t\t\t\t\t\t\t\tdata-rsp_ch=\"on\"\n\t\t\t\t\t\t\t\tdata-xy=\"yo:200px,200px,200px,315px;\"\n\t\t\t\t\t\t\t\tdata-text=\"s:16;l:22;fw:300;\"\n\t\t\t\t\t\t\t\tdata-frame_0=\"y:-50px;tp:600;\"\n\t\t\t\t\t\t\t\tdata-frame_1=\"tp:600;e:easeInOutExpo;st:400;sp:800;sR:400;\"\n\t\t\t\t\t\t\t\tdata-frame_999=\"y:-50px;o:0;tp:600;e:nothing;st:w;sp:450;sR:4800;\"\n\t\t\t\t\t\t\t\tstyle=\"z-index:5;font-family:'';\"\n\t\t\t\t\t\t\t>PROFESSIONELLE ABWICKLUNG \n\t\t\t\t\t\t\t<\/rs-layer><!--\n\n\t\t\t\t\t\t\t--><rs-layer\n\t\t\t\t\t\t\t\tid=\"slider-19-slide-39-layer-2\" \n\t\t\t\t\t\t\t\tclass=\"big-text\"\n\t\t\t\t\t\t\t\tdata-type=\"text\"\n\t\t\t\t\t\t\t\tdata-color=\"rgba(255, 255, 255, 1)\"\n\t\t\t\t\t\t\t\tdata-rsp_ch=\"on\"\n\t\t\t\t\t\t\t\tdata-xy=\"xo:0,0,0,-509px;y:m;yo:0,0,0,196px;\"\n\t\t\t\t\t\t\t\tdata-text=\"l:22;\"\n\t\t\t\t\t\t\t\tdata-vbility=\"t,t,t,f\"\n\t\t\t\t\t\t\t\tdata-frame_0=\"sX:2;sY:2;tp:600;\"\n\t\t\t\t\t\t\t\tdata-frame_1=\"tp:600;e:easeInOutExpo;st:400;sp:800;sR:400;\"\n\t\t\t\t\t\t\t\tdata-frame_999=\"x:0;y:0;z:-50;sX:0.85;sY:0.85;o:0;rX:0;rY:0;rZ:0;skX:0;skY:0;tp:600;e:easeInOutExpo;st:w;sp:400;sR:4800;\"\n\t\t\t\t\t\t\t\tstyle=\"z-index:6;font-family:'';\"\n\t\t\t\t\t\t\t><h2>UND LANGJ\u00c4HRIGE ERFAHRUNG<\/h2> \n\t\t\t\t\t\t\t<\/rs-layer><!--\n\n\t\t\t\t\t\t\t--><rs-layer\n\t\t\t\t\t\t\t\tid=\"slider-19-slide-39-layer-3\" \n\t\t\t\t\t\t\t\tclass=\"big-text\"\n\t\t\t\t\t\t\t\tdata-type=\"text\"\n\t\t\t\t\t\t\t\tdata-color=\"rgba(255, 255, 255, 1)\"\n\t\t\t\t\t\t\t\tdata-rsp_ch=\"on\"\n\t\t\t\t\t\t\t\tdata-xy=\"xo:5px,5px,5px,0;y:m;yo:5px;\"\n\t\t\t\t\t\t\t\tdata-text=\"l:22;\"\n\t\t\t\t\t\t\t\tdata-vbility=\"f,f,f,t\"\n\t\t\t\t\t\t\t\tdata-frame_0=\"sX:2;sY:2;tp:600;\"\n\t\t\t\t\t\t\t\tdata-frame_1=\"tp:600;e:easeInOutExpo;st:400;sp:800;sR:400;\"\n\t\t\t\t\t\t\t\tdata-frame_999=\"x:0;y:0;z:-50;sX:0.85;sY:0.85;o:0;rX:0;rY:0;rZ:0;skX:0;skY:0;tp:600;e:easeInOutExpo;st:w;sp:400;sR:4800;\"\n\t\t\t\t\t\t\t\tstyle=\"z-index:7;font-family:'';\"\n\t\t\t\t\t\t\t><h2>UND<\/h2> \n\t\t\t\t\t\t\t<\/rs-layer><!--\n\n\t\t\t\t\t\t\t--><rs-layer\n\t\t\t\t\t\t\t\tid=\"slider-19-slide-39-layer-4\" \n\t\t\t\t\t\t\t\tclass=\"big-text\"\n\t\t\t\t\t\t\t\tdata-type=\"text\"\n\t\t\t\t\t\t\t\tdata-color=\"rgba(255, 255, 255, 1)\"\n\t\t\t\t\t\t\t\tdata-rsp_ch=\"on\"\n\t\t\t\t\t\t\t\tdata-xy=\"xo:10px,10px,10px,0;y:m;yo:10px,10px,10px,61px;\"\n\t\t\t\t\t\t\t\tdata-text=\"l:22;\"\n\t\t\t\t\t\t\t\tdata-vbility=\"f,f,f,t\"\n\t\t\t\t\t\t\t\tdata-frame_0=\"sX:2;sY:2;tp:600;\"\n\t\t\t\t\t\t\t\tdata-frame_1=\"tp:600;e:easeInOutExpo;st:400;sp:800;sR:400;\"\n\t\t\t\t\t\t\t\tdata-frame_999=\"x:0;y:0;z:-50;sX:0.85;sY:0.85;o:0;rX:0;rY:0;rZ:0;skX:0;skY:0;tp:600;e:easeInOutExpo;st:w;sp:400;sR:4800;\"\n\t\t\t\t\t\t\t\tstyle=\"z-index:8;font-family:'';\"\n\t\t\t\t\t\t\t><h2> LANGJ\u00c4HRIGE<\/h2> \n\t\t\t\t\t\t\t<\/rs-layer><!--\n\n\t\t\t\t\t\t\t--><rs-layer\n\t\t\t\t\t\t\t\tid=\"slider-19-slide-39-layer-5\" \n\t\t\t\t\t\t\t\tclass=\"big-text\"\n\t\t\t\t\t\t\t\tdata-type=\"text\"\n\t\t\t\t\t\t\t\tdata-color=\"rgba(255, 255, 255, 1)\"\n\t\t\t\t\t\t\t\tdata-rsp_ch=\"on\"\n\t\t\t\t\t\t\t\tdata-xy=\"xo:10px,10px,10px,0;y:m;yo:10px,10px,10px,117px;\"\n\t\t\t\t\t\t\t\tdata-text=\"l:22;\"\n\t\t\t\t\t\t\t\tdata-vbility=\"f,f,f,t\"\n\t\t\t\t\t\t\t\tdata-frame_0=\"sX:2;sY:2;tp:600;\"\n\t\t\t\t\t\t\t\tdata-frame_1=\"tp:600;e:easeInOutExpo;st:400;sp:800;sR:400;\"\n\t\t\t\t\t\t\t\tdata-frame_999=\"x:0;y:0;z:-50;sX:0.85;sY:0.85;o:0;rX:0;rY:0;rZ:0;skX:0;skY:0;tp:600;e:easeInOutExpo;st:w;sp:400;sR:4800;\"\n\t\t\t\t\t\t\t\tstyle=\"z-index:9;font-family:'';\"\n\t\t\t\t\t\t\t><h2>ERFAHRUNG<\/h2> \n\t\t\t\t\t\t\t<\/rs-layer><!--\n-->\t\t\t\t\t\t<\/rs-slide>\n\t\t\t\t\t<\/rs-slides>\n\t\t\t\t<\/rs-module>\n\t\t\t\t<script>\n\t\t\t\t\tsetREVStartSize({c: 'rev_slider_19_1',rl:[1240,1240,1240,480],el:[],gw:[1170,1170,1170,480],gh:[500,500,500,720],type:'standard',justify:'',layout:'fullscreen',offsetContainer:'',offset:'',mh:\"0\"});if (window.RS_MODULES!==undefined && window.RS_MODULES.modules!==undefined && window.RS_MODULES.modules[\"revslider191\"]!==undefined) {window.RS_MODULES.modules[\"revslider191\"].once = false;window.revapi19 = undefined;if (window.RS_MODULES.checkMinimal!==undefined) window.RS_MODULES.checkMinimal()}\n\t\t\t\t<\/script>\n\t\t\t<\/rs-module-wrap>\n\t\t\t<!-- END REVOLUTION SLIDER -->\n[\/vc_column][\/vc_row][vc_row css=&#8221;.vc_custom_1530708335056{padding-top: 90px !important;}&#8221;][vc_column animate=&#8221;fadeinup&#8221;]\n\t<!-- Element: OT Heading --> \t \n\t<h1 class=\"ot_custom_heading  \" style=\"text-align: center;\" >PROJEKT\u00adENTWICKLUNG<\/h1>\t\n\t<!-- Element: OT Line solid --> \t \n\t<div class=\" separator \"><span><i class=\"fa fa-minus\"><\/i><\/span><\/div>\n\t<div class=\"spacer-single\"><\/div>\t      \n[\/vc_column][vc_column width=&#8221;1\/2&#8243; animate=&#8221;fadeinleft&#8221;][vc_column_text css=&#8221;.vc_custom_1532540428083{margin-bottom: 30px !important;}&#8221;]<\/p>\n<p style=\"text-align: justify;\">Voraussetzung f\u00fcr den Erfolg jeder Immobilie ist eine zielgerichtete und ma\u00dfgeschneiderte Projektumsetzung, die \u00fcber den nachhaltigen Wert und die Qualit\u00e4t entscheidet. Als verl\u00e4sslicher Partner begleitet Herzog Bau die Entwicklung von Immobilien unterschiedlichster Art und Gr\u00f6\u00dfe. Von der Grundst\u00fcckssuche und Liegenschaftsbewertung bis hin zur Vermarktung und zum Verkauf der neuen Immobilien.\u00a0Unsere Expertise liegt in der professionellen Ent- und Abwicklung des gesamten Immobilienprojektes.<\/p>\n<p>[\/vc_column_text][vc_column_text css=&#8221;.vc_custom_1532540438163{margin-bottom: 50px !important;}&#8221;]<\/p>\n<p style=\"text-align: justify;\">Beginnend mit der Wahl der passenden Partner, der Durchf\u00fchrung von Markt und Standortanalysen und der Ausarbeitung eines durchdachten Nutzungskonzeptes \u00fcber die Abwicklung der Genehmigungsverfahren bis hin zur Rentabilit\u00e4tsanalyse und einem fixen Kosten- und Zeitmanagement liegt alles in unserer Hand. Die besonderen Marktkenntnisse und die langj\u00e4hrigen Erfahrungen des Herzog Bau Teams sowie unser umfassendes Netzwerk erleichtern die enge und reibungslose Zusammenarbeit mit lokalen Partnern und Beh\u00f6rden.<\/p>\n<p>[\/vc_column_text]\n\t<!-- Element: OT Heading --> \t \n\t<h2 class=\"ot_custom_heading  \" style=\"text-align: left;color: #013571;\" >IHR PLUS<\/h2>\t\n[vc_column_text css=&#8221;.vc_custom_1531226740961{margin-bottom: 0px !important;margin-left: -20px !important;border-bottom-width: 0px !important;padding-top: 0px !important;padding-bottom: 0px !important;padding-left: -10px !important;}&#8221;]<\/p>\n<ul>\n<li>Ein Ansprechpartner f\u00fcr alle komplexen Aufgaben und Fragen<\/li>\n<li>Spezifische Fachkompetenz: technisch, wirtschaftlich und juristisch<\/li>\n<li>Professionelle Abwicklung aller Projektphasen<\/li>\n<li>Immobilienresearch: Markt- und Standortanalyse<\/li>\n<li>Individuelles Nutzungskonzept und innovative L\u00f6sungsans\u00e4tze<\/li>\n<li>Projektorganisation und Abwicklung aller Vertr\u00e4ge<\/li>\n<li>Beh\u00f6rdenmanagement<\/li>\n<li>Wertermittlung, Risikobewertung und -management<\/li>\n<li>Wirtschaftlichkeitsberechnung und Finanzierung<\/li>\n<li>Vermarktung und Verwertung der neuen Immobilie<\/li>\n<\/ul>\n<p>[\/vc_column_text][\/vc_column][vc_column width=&#8221;1\/2&#8243;][vc_row_inner][vc_column_inner][vc_single_image image=&#8221;3305&#8243; img_size=&#8221;full&#8221; alignment=&#8221;center&#8221;][vc_column_text]<\/p>\n<p style=\"text-align: center;\"><b>Sie haben ein Grundst\u00fcck und m\u00f6chten ein Projekt darauf realisieren?<br \/>\nWir helfen Ihnen gerne mit der passenden Idee!<\/b>[\/vc_column_text][vc_single_image image=&#8221;2757&#8243; img_size=&#8221;full&#8221; alignment=&#8221;center&#8221;][\/vc_column_inner][\/vc_row_inner][vc_row_inner][vc_column_inner][vc_single_image image=&#8221;3307&#8243; img_size=&#8221;full&#8221; alignment=&#8221;center&#8221;][vc_column_text]<\/p>\n<p style=\"text-align: center;\"><b>Sie sind auf der Suche nach dem optimalen Standort f\u00fcr Ihre Projektidee?<br \/>\nWir unterst\u00fctzen Sie dabei!<\/b>[\/vc_column_text][vc_single_image image=&#8221;2757&#8243; img_size=&#8221;full&#8221; alignment=&#8221;center&#8221;][\/vc_column_inner][\/vc_row_inner][vc_row_inner][vc_column_inner][vc_single_image image=&#8221;3306&#8243; img_size=&#8221;full&#8221; alignment=&#8221;center&#8221;][vc_column_text]<\/p>\n<p style=\"text-align: center;\"><b>Sie ben\u00f6tigen zus\u00e4tzliche finanzielle Mittel um Ihr Projekt umsetzen zu k\u00f6nnen?<br \/>\nWir stehen Ihnen mit unserem Netzwerk zur Seite!<\/b>[\/vc_column_text][\/vc_column_inner][\/vc_row_inner][\/vc_column][\/vc_row][vc_row css=&#8221;.vc_custom_1530708663289{padding-top: 45px !important;padding-bottom: 25px !important;}&#8221;][vc_column]\n\t<!-- Element: OT Heading --> \t \n\t<h2 class=\"ot_custom_heading  \" style=\"text-align: center;color: #50b400;\" >Kontaktieren Sie uns, wir freuen uns auf Ihr individuelles Projekt!<\/h2>\t\n[\/vc_column][\/vc_row]<\/p>\n","protected":false},"excerpt":{"rendered":"<p>[vc_row fullwidth=&#8221;yes&#8221;][vc_column][\/vc_column][\/vc_row][vc_row css=&#8221;.vc_custom_1530708335056{padding-top: 90px !important;}&#8221;][vc_column animate=&#8221;fadeinup&#8221;][\/vc_column][vc_column width=&#8221;1\/2&#8243; animate=&#8221;fadeinleft&#8221;][vc_column_text css=&#8221;.vc_custom_1532540428083{margin-bottom: 30px !important;}&#8221;] Voraussetzung f\u00fcr den Erfolg jeder Immobilie ist eine zielgerichtete und ma\u00dfgeschneiderte Projektumsetzung, die \u00fcber den nachhaltigen Wert und die Qualit\u00e4t entscheidet. Als verl\u00e4sslicher Partner begleitet Herzog Bau die Entwicklung von Immobilien unterschiedlichster Art und Gr\u00f6\u00dfe. Von der Grundst\u00fcckssuche und Liegenschaftsbewertung bis hin zur Vermarktung [&hellip;]<\/p>\n","protected":false},"author":1,"featured_media":0,"parent":0,"menu_order":0,"comment_status":"open","ping_status":"open","template":"page-templates\/template-canvas.php","meta":{"inline_featured_image":false},"_links":{"self":[{"href":"https:\/\/www.vertex-nine.net\/herzogbau2022\/wp-json\/wp\/v2\/pages\/2999"}],"collection":[{"href":"https:\/\/www.vertex-nine.net\/herzogbau2022\/wp-json\/wp\/v2\/pages"}],"about":[{"href":"https:\/\/www.vertex-nine.net\/herzogbau2022\/wp-json\/wp\/v2\/types\/page"}],"author":[{"embeddable":true,"href":"https:\/\/www.vertex-nine.net\/herzogbau2022\/wp-json\/wp\/v2\/users\/1"}],"replies":[{"embeddable":true,"href":"https:\/\/www.vertex-nine.net\/herzogbau2022\/wp-json\/wp\/v2\/comments?post=2999"}],"version-history":[{"count":19,"href":"https:\/\/www.vertex-nine.net\/herzogbau2022\/wp-json\/wp\/v2\/pages\/2999\/revisions"}],"predecessor-version":[{"id":4081,"href":"https:\/\/www.vertex-nine.net\/herzogbau2022\/wp-json\/wp\/v2\/pages\/2999\/revisions\/4081"}],"wp:attachment":[{"href":"https:\/\/www.vertex-nine.net\/herzogbau2022\/wp-json\/wp\/v2\/media?parent=2999"}],"curies":[{"name":"wp","href":"https:\/\/api.w.org\/{rel}","templated":true}]}}