{"id":2358,"date":"2018-05-18T10:41:15","date_gmt":"2018-05-18T08:41:15","guid":{"rendered":"https:\/\/www.vertex-nine.net\/herzogbau2022\/?page_id=2358"},"modified":"2021-04-24T20:41:55","modified_gmt":"2021-04-24T18:41:55","slug":"standorte","status":"publish","type":"page","link":"https:\/\/www.vertex-nine.net\/herzogbau2022\/standorte\/","title":{"rendered":"Standorte"},"content":{"rendered":"<p>[vc_row fullwidth=&#8221;yes&#8221;][vc_column]\n\t\t\t<!-- START standorte REVOLUTION SLIDER 6.5.19 --><p class=\"rs-p-wp-fix\"><\/p>\n\t\t\t<rs-module-wrap id=\"rev_slider_15_1_wrapper\" data-source=\"gallery\" style=\"visibility:hidden;background:#E9E9E9;padding:0;\">\n\t\t\t\t<rs-module id=\"rev_slider_15_1\" style=\"\" data-version=\"6.5.19\">\n\t\t\t\t\t<rs-slides>\n\t\t\t\t\t\t<rs-slide style=\"position: absolute;\" data-key=\"rs-30\" data-title=\"Slide 1\" data-anim=\"ms:500;\" data-in=\"o:0;\" data-out=\"a:false;\">\n\t\t\t\t\t\t\t<img src=\"\/\/www.vertex-nine.net\/herzogbau2022\/wp-content\/plugins\/revslider\/public\/assets\/assets\/dummy.png\" alt=\"\" title=\"Standorte\" class=\"rev-slidebg tp-rs-img rs-lazyload\" data-lazyload=\"\/\/www.vertex-nine.net\/herzogbau2022\/wp-content\/uploads\/2018\/07\/Herzog_slider_6_standort_v2.jpg\" data-bg=\"p:center top;\" data-no-retina>\n<!--\n\t\t\t\t\t\t\t--><rs-layer\n\t\t\t\t\t\t\t\tid=\"slider-15-slide-30-layer-1\" \n\t\t\t\t\t\t\t\tclass=\"big-white\"\n\t\t\t\t\t\t\t\tdata-type=\"text\"\n\t\t\t\t\t\t\t\tdata-color=\"rgba(255, 255, 255, 1)\"\n\t\t\t\t\t\t\t\tdata-rsp_ch=\"on\"\n\t\t\t\t\t\t\t\tdata-xy=\"yo:200px,200px,200px,315px;\"\n\t\t\t\t\t\t\t\tdata-text=\"s:16;l:22;fw:300;\"\n\t\t\t\t\t\t\t\tdata-frame_0=\"y:-50px;tp:600;\"\n\t\t\t\t\t\t\t\tdata-frame_1=\"tp:600;e:easeInOutExpo;st:400;sp:800;sR:400;\"\n\t\t\t\t\t\t\t\tdata-frame_999=\"y:-50px;o:0;tp:600;e:nothing;st:w;sp:450;sR:4800;\"\n\t\t\t\t\t\t\t\tstyle=\"z-index:5;font-family:'';\"\n\t\t\t\t\t\t\t>GESCHICHTSTR\u00c4CHTIGE \n\t\t\t\t\t\t\t<\/rs-layer><!--\n\n\t\t\t\t\t\t\t--><rs-layer\n\t\t\t\t\t\t\t\tid=\"slider-15-slide-30-layer-2\" \n\t\t\t\t\t\t\t\tclass=\"big-text\"\n\t\t\t\t\t\t\t\tdata-type=\"text\"\n\t\t\t\t\t\t\t\tdata-color=\"rgba(255, 255, 255, 1)\"\n\t\t\t\t\t\t\t\tdata-rsp_ch=\"on\"\n\t\t\t\t\t\t\t\tdata-xy=\"y:m;yo:10px;\"\n\t\t\t\t\t\t\t\tdata-text=\"l:22;\"\n\t\t\t\t\t\t\t\tdata-frame_0=\"sX:2;sY:2;tp:600;\"\n\t\t\t\t\t\t\t\tdata-frame_1=\"tp:600;e:easeInOutExpo;st:400;sp:800;sR:400;\"\n\t\t\t\t\t\t\t\tdata-frame_999=\"x:0;y:0;z:-50;sX:0.85;sY:0.85;o:0;rX:0;rY:0;rZ:0;skX:0;skY:0;tp:600;e:easeInOutExpo;st:w;sp:400;sR:4800;\"\n\t\t\t\t\t\t\t\tstyle=\"z-index:6;font-family:'';\"\n\t\t\t\t\t\t\t><h2>R\u00c4UME<\/h2> \n\t\t\t\t\t\t\t<\/rs-layer><!--\n-->\t\t\t\t\t\t<\/rs-slide>\n\t\t\t\t\t<\/rs-slides>\n\t\t\t\t<\/rs-module>\n\t\t\t\t<script>\n\t\t\t\t\tsetREVStartSize({c: 'rev_slider_15_1',rl:[1240,1240,1240,480],el:[],gw:[1170,1170,1170,480],gh:[500,500,500,720],type:'standard',justify:'',layout:'fullscreen',offsetContainer:'',offset:'',mh:\"0\"});if (window.RS_MODULES!==undefined && window.RS_MODULES.modules!==undefined && window.RS_MODULES.modules[\"revslider151\"]!==undefined) {window.RS_MODULES.modules[\"revslider151\"].once = false;window.revapi15 = undefined;if (window.RS_MODULES.checkMinimal!==undefined) window.RS_MODULES.checkMinimal()}\n\t\t\t\t<\/script>\n\t\t\t<\/rs-module-wrap>\n\t\t\t<!-- END REVOLUTION SLIDER -->\n[\/vc_column][\/vc_row][vc_row css=&#8221;.vc_custom_1523869059442{padding-top: 90px !important;padding-bottom: 30px !important;}&#8221;][vc_column animate=&#8221;fadeinup&#8221;]\n\t<!-- Element: OT Heading --> \t \n\t<h1 class=\"ot_custom_heading  \" style=\"text-align: center;\" >UNSERE STANDORTE<\/h1>\t\n\t<!-- Element: OT Line solid --> \t \n\t<div class=\" separator \"><span><i class=\"fa fa-minus\"><\/i><\/span><\/div>\n\t<div class=\"spacer-single\"><\/div>\t      \n[\/vc_column][\/vc_row][vc_row css=&#8221;.vc_custom_1523869065820{padding-top: 60px !important;padding-bottom: 60px !important;}&#8221;][vc_column width=&#8221;1\/2&#8243; animate=&#8221;fadeinup&#8221;][vc_single_image image=&#8221;2961&#8243; img_size=&#8221;full&#8221;][\/vc_column][vc_column width=&#8221;1\/2&#8243; animate=&#8221;fadeinleft&#8221;]\n\t<!-- Element: OT Heading --> \t \n\t<h1 class=\"ot_custom_heading  \" style=\"text-align: left;\" >ZELL AM SEE<\/h1>\t\n[vc_column_text css=&#8221;.vc_custom_1530717733006{margin-bottom: 30px !important;padding-top: 25px !important;}&#8221;]<\/p>\n<p style=\"text-align: justify;\">Die Strubergasse in Zell am See ist seit 1919 der Firmenstandort des Unternehmens. Drei Generationen der Familie Herzog sind hier auch aufgewachsen. Mit der Zeit war das Stadtzentrum nicht mehr die optimale Lage f\u00fcr den Bauhof, er wurde nach Bruck verlegt. Am alten Bauhofgel\u00e4nde entschloss man sich ein Wohn- und Gesch\u00e4ftshaus zu errichten, in dem heute das 2016 erweiterte und renovierte B\u00fcro der Firma Herzog Bau seinen Sitz hat.<\/p>\n<p style=\"text-align: justify;\">Es ist ein gutes Gef\u00fchl nach 99 Jahren dem Gr\u00fcndungstandort treu geblieben zu sein.<\/p>\n<p>[\/vc_column_text][\/vc_column][\/vc_row][vc_row css=&#8221;.vc_custom_1523869065820{padding-top: 60px !important;padding-bottom: 60px !important;}&#8221;][vc_column width=&#8221;1\/2&#8243; animate=&#8221;fadeinup&#8221;]\n\t<!-- Element: OT Heading --> \t \n\t<h1 class=\"ot_custom_heading  \" style=\"text-align: left;\" >BAUHOF<\/h1>\t\n[vc_column_text css=&#8221;.vc_custom_1549535792975{margin-bottom: 30px !important;padding-top: 25px !important;}&#8221;]<\/p>\n<p style=\"text-align: justify;\">Seit den sp\u00e4ten Achtzigerjahren ist Herzog Bau ma\u00dfgeblich an der Errichtung des Gewerbegebietes in Bruck an der Gro\u00dfglocknerstra\u00dfe beteiligt. Dort wurde schlussendlich 1991 auch der neue Bauhof in der Gewerbestra\u00dfe angesiedelt. Die optimale Verkehrsanbindung und Infrastruktur garantieren heute die bestm\u00f6gliche Vorbereitung sowie Versorgung unserer Baustellen.<\/p>\n<p>[\/vc_column_text][\/vc_column][vc_column width=&#8221;1\/2&#8243; animate=&#8221;fadeinleft&#8221;][vc_single_image image=&#8221;3098&#8243; img_size=&#8221;full&#8221;][\/vc_column][\/vc_row]<\/p>\n","protected":false},"excerpt":{"rendered":"<p>[vc_row fullwidth=&#8221;yes&#8221;][vc_column][\/vc_column][\/vc_row][vc_row css=&#8221;.vc_custom_1523869059442{padding-top: 90px !important;padding-bottom: 30px !important;}&#8221;][vc_column animate=&#8221;fadeinup&#8221;][\/vc_column][\/vc_row][vc_row css=&#8221;.vc_custom_1523869065820{padding-top: 60px !important;padding-bottom: 60px !important;}&#8221;][vc_column width=&#8221;1\/2&#8243; animate=&#8221;fadeinup&#8221;][vc_single_image image=&#8221;2961&#8243; img_size=&#8221;full&#8221;][\/vc_column][vc_column width=&#8221;1\/2&#8243; animate=&#8221;fadeinleft&#8221;][vc_column_text css=&#8221;.vc_custom_1530717733006{margin-bottom: 30px !important;padding-top: 25px !important;}&#8221;] Die Strubergasse in Zell am See ist seit 1919 der Firmenstandort des Unternehmens. Drei Generationen der Familie Herzog sind hier auch aufgewachsen. Mit der Zeit war das Stadtzentrum nicht mehr die [&hellip;]<\/p>\n","protected":false},"author":1,"featured_media":0,"parent":0,"menu_order":0,"comment_status":"open","ping_status":"open","template":"page-templates\/template-canvas.php","meta":{"inline_featured_image":false},"_links":{"self":[{"href":"https:\/\/www.vertex-nine.net\/herzogbau2022\/wp-json\/wp\/v2\/pages\/2358"}],"collection":[{"href":"https:\/\/www.vertex-nine.net\/herzogbau2022\/wp-json\/wp\/v2\/pages"}],"about":[{"href":"https:\/\/www.vertex-nine.net\/herzogbau2022\/wp-json\/wp\/v2\/types\/page"}],"author":[{"embeddable":true,"href":"https:\/\/www.vertex-nine.net\/herzogbau2022\/wp-json\/wp\/v2\/users\/1"}],"replies":[{"embeddable":true,"href":"https:\/\/www.vertex-nine.net\/herzogbau2022\/wp-json\/wp\/v2\/comments?post=2358"}],"version-history":[{"count":13,"href":"https:\/\/www.vertex-nine.net\/herzogbau2022\/wp-json\/wp\/v2\/pages\/2358\/revisions"}],"predecessor-version":[{"id":5122,"href":"https:\/\/www.vertex-nine.net\/herzogbau2022\/wp-json\/wp\/v2\/pages\/2358\/revisions\/5122"}],"wp:attachment":[{"href":"https:\/\/www.vertex-nine.net\/herzogbau2022\/wp-json\/wp\/v2\/media?parent=2358"}],"curies":[{"name":"wp","href":"https:\/\/api.w.org\/{rel}","templated":true}]}}