{"id":2147,"date":"2018-04-26T11:01:36","date_gmt":"2018-04-26T09:01:36","guid":{"rendered":"https:\/\/www.vertex-nine.net\/herzogbau2022\/?page_id=2147"},"modified":"2021-04-24T19:55:09","modified_gmt":"2021-04-24T17:55:09","slug":"bauausfuehrung","status":"publish","type":"page","link":"https:\/\/www.vertex-nine.net\/herzogbau2022\/bauausfuehrung\/","title":{"rendered":"Bauausf\u00fchrung"},"content":{"rendered":"<p>[vc_row fullwidth=&#8221;yes&#8221;][vc_column]\n\t\t\t<!-- START bauausfuehrung REVOLUTION SLIDER 6.5.19 --><p class=\"rs-p-wp-fix\"><\/p>\n\t\t\t<rs-module-wrap id=\"rev_slider_11_1_wrapper\" data-source=\"gallery\" style=\"visibility:hidden;background:#E9E9E9;padding:0;\">\n\t\t\t\t<rs-module id=\"rev_slider_11_1\" style=\"\" data-version=\"6.5.19\">\n\t\t\t\t\t<rs-slides>\n\t\t\t\t\t\t<rs-slide style=\"position: absolute;\" data-key=\"rs-26\" data-title=\"Slide 1\" data-in=\"o:0;\" data-out=\"a:false;\">\n\t\t\t\t\t\t\t<img src=\"\/\/www.vertex-nine.net\/herzogbau2022\/wp-content\/plugins\/revslider\/public\/assets\/assets\/dummy.png\" alt=\"\" title=\"Herzog_slider_2022_bauen\" width=\"2560\" height=\"1467\" class=\"rev-slidebg tp-rs-img rs-lazyload\" data-lazyload=\"\/\/www.vertex-nine.net\/herzogbau2022\/wp-content\/uploads\/2022\/04\/Herzog_slider_2022_bauen-scaled.jpg\" data-bg=\"p:center top;\" data-no-retina>\n<!--\n\t\t\t\t\t\t\t--><rs-layer\n\t\t\t\t\t\t\t\tid=\"slider-11-slide-26-layer-1\" \n\t\t\t\t\t\t\t\tclass=\"big-white\"\n\t\t\t\t\t\t\t\tdata-type=\"text\"\n\t\t\t\t\t\t\t\tdata-color=\"rgba(255, 255, 255, 1)\"\n\t\t\t\t\t\t\t\tdata-rsp_ch=\"on\"\n\t\t\t\t\t\t\t\tdata-xy=\"yo:200px,200px,200px,315px;\"\n\t\t\t\t\t\t\t\tdata-text=\"s:16;l:22;fw:300;\"\n\t\t\t\t\t\t\t\tdata-frame_0=\"y:-50px;\"\n\t\t\t\t\t\t\t\tdata-frame_1=\"e:easeInOutExpo;st:400;sp:800;sR:400;\"\n\t\t\t\t\t\t\t\tdata-frame_999=\"y:-50px;o:0;e:nothing;st:w;sp:450;sR:4800;\"\n\t\t\t\t\t\t\t\tstyle=\"z-index:5;font-family:'Roboto';\"\n\t\t\t\t\t\t\t>QUALIT\u00c4T BRAUCHT EINE \n\t\t\t\t\t\t\t<\/rs-layer><!--\n\n\t\t\t\t\t\t\t--><rs-layer\n\t\t\t\t\t\t\t\tid=\"slider-11-slide-26-layer-2\" \n\t\t\t\t\t\t\t\tclass=\"big-text\"\n\t\t\t\t\t\t\t\tdata-type=\"text\"\n\t\t\t\t\t\t\t\tdata-color=\"rgba(255, 255, 255, 1)\"\n\t\t\t\t\t\t\t\tdata-rsp_ch=\"on\"\n\t\t\t\t\t\t\t\tdata-xy=\"xo:0,0,0,-329px;y:m;yo:0,0,0,-16px;\"\n\t\t\t\t\t\t\t\tdata-text=\"l:22;\"\n\t\t\t\t\t\t\t\tdata-vbility=\"t,t,t,f\"\n\t\t\t\t\t\t\t\tdata-frame_0=\"sX:2;sY:2;\"\n\t\t\t\t\t\t\t\tdata-frame_1=\"e:easeInOutExpo;st:400;sp:800;sR:400;\"\n\t\t\t\t\t\t\t\tdata-frame_999=\"x:0;y:0;z:-50;sX:0.85;sY:0.85;o:0;rX:0;rY:0;rZ:0;skX:0;skY:0;e:easeInOutExpo;st:w;sp:400;sR:4800;\"\n\t\t\t\t\t\t\t\tstyle=\"z-index:6;font-family:'Roboto';\"\n\t\t\t\t\t\t\t><h2>GUTE AUSF\u00dcHRUNG<\/h2> \n\t\t\t\t\t\t\t<\/rs-layer><!--\n\n\t\t\t\t\t\t\t--><rs-layer\n\t\t\t\t\t\t\t\tid=\"slider-11-slide-26-layer-3\" \n\t\t\t\t\t\t\t\tdata-type=\"text\"\n\t\t\t\t\t\t\t\tdata-color=\"#50b400\"\n\t\t\t\t\t\t\t\tdata-rsp_ch=\"on\"\n\t\t\t\t\t\t\t\tdata-xy=\"xo:0,0,0,20px;yo:309px,309px,309px,500px;\"\n\t\t\t\t\t\t\t\tdata-text=\"l:22;\"\n\t\t\t\t\t\t\t\tdata-frame_0=\"y:50px;\"\n\t\t\t\t\t\t\t\tdata-frame_1=\"e:easeInOutExpo;st:800;sp:400;sR:800;\"\n\t\t\t\t\t\t\t\tdata-frame_999=\"y:50px;o:0;e:nothing;st:w;sp:450;sR:4800;\"\n\t\t\t\t\t\t\t\tstyle=\"z-index:7;font-family:'Roboto';\"\n\t\t\t\t\t\t\t><a target=\"_self\" href=\"https:\/\/www.vertex-nine.net\/herzogbau2022\/projekte\/\" class=\"btn-slider\">Unsere Projekte<\/a> \n\t\t\t\t\t\t\t<\/rs-layer><!--\n\n\t\t\t\t\t\t\t--><rs-layer\n\t\t\t\t\t\t\t\tid=\"slider-11-slide-26-layer-5\" \n\t\t\t\t\t\t\t\tclass=\"big-text\"\n\t\t\t\t\t\t\t\tdata-type=\"text\"\n\t\t\t\t\t\t\t\tdata-color=\"rgba(255, 255, 255, 1)\"\n\t\t\t\t\t\t\t\tdata-rsp_ch=\"on\"\n\t\t\t\t\t\t\t\tdata-xy=\"xo:5px,5px,5px,0;y:m;yo:5px,5px,5px,65px;\"\n\t\t\t\t\t\t\t\tdata-text=\"l:22;\"\n\t\t\t\t\t\t\t\tdata-vbility=\"f,f,f,t\"\n\t\t\t\t\t\t\t\tdata-frame_0=\"sX:2;sY:2;\"\n\t\t\t\t\t\t\t\tdata-frame_1=\"e:easeInOutExpo;st:400;sp:800;sR:400;\"\n\t\t\t\t\t\t\t\tdata-frame_999=\"x:0;y:0;z:-50;sX:0.85;sY:0.85;o:0;rX:0;rY:0;rZ:0;skX:0;skY:0;e:easeInOutExpo;st:w;sp:400;sR:4800;\"\n\t\t\t\t\t\t\t\tstyle=\"z-index:8;font-family:'Roboto';\"\n\t\t\t\t\t\t\t><h2> AUSF\u00dcHRUNG<\/h2> \n\t\t\t\t\t\t\t<\/rs-layer><!--\n\n\t\t\t\t\t\t\t--><rs-layer\n\t\t\t\t\t\t\t\tid=\"slider-11-slide-26-layer-6\" \n\t\t\t\t\t\t\t\tclass=\"big-text\"\n\t\t\t\t\t\t\t\tdata-type=\"text\"\n\t\t\t\t\t\t\t\tdata-color=\"rgba(255, 255, 255, 1)\"\n\t\t\t\t\t\t\t\tdata-rsp_ch=\"on\"\n\t\t\t\t\t\t\t\tdata-xy=\"xo:10px,10px,10px,0;y:m;yo:10px,10px,10px,15px;\"\n\t\t\t\t\t\t\t\tdata-text=\"l:22;\"\n\t\t\t\t\t\t\t\tdata-vbility=\"f,f,f,t\"\n\t\t\t\t\t\t\t\tdata-frame_0=\"sX:2;sY:2;\"\n\t\t\t\t\t\t\t\tdata-frame_1=\"e:easeInOutExpo;st:400;sp:800;sR:400;\"\n\t\t\t\t\t\t\t\tdata-frame_999=\"x:0;y:0;z:-50;sX:0.85;sY:0.85;o:0;rX:0;rY:0;rZ:0;skX:0;skY:0;e:easeInOutExpo;st:w;sp:400;sR:4800;\"\n\t\t\t\t\t\t\t\tstyle=\"z-index:9;font-family:'Roboto';\"\n\t\t\t\t\t\t\t><h2>GUTE<\/h2> \n\t\t\t\t\t\t\t<\/rs-layer><!--\n-->\t\t\t\t\t\t<\/rs-slide>\n\t\t\t\t\t<\/rs-slides>\n\t\t\t\t<\/rs-module>\n\t\t\t\t<script>\n\t\t\t\t\tsetREVStartSize({c: 'rev_slider_11_1',rl:[1240,1240,1240,480],el:[500,500,500,720],gw:[1170,1170,1170,480],gh:[500,500,500,720],type:'standard',justify:'',layout:'fullscreen',offsetContainer:'',offset:'',mh:\"0\"});if (window.RS_MODULES!==undefined && window.RS_MODULES.modules!==undefined && window.RS_MODULES.modules[\"revslider111\"]!==undefined) {window.RS_MODULES.modules[\"revslider111\"].once = false;window.revapi11 = undefined;if (window.RS_MODULES.checkMinimal!==undefined) window.RS_MODULES.checkMinimal()}\n\t\t\t\t<\/script>\n\t\t\t<\/rs-module-wrap>\n\t\t\t<!-- END REVOLUTION SLIDER -->\n[\/vc_column][\/vc_row][vc_row css=&#8221;.vc_custom_1524736301660{padding-top: 90px !important;padding-bottom: 60px !important;}&#8221;][vc_column animate=&#8221;fadeinup&#8221;]\n\t<!-- Element: OT Heading --> \t \n\t<h1 class=\"ot_custom_heading  \" style=\"text-align: center;\" >BAUAUSF\u00dcHRUNG<\/h1>\t\n\t<!-- Element: OT Line solid --> \t \n\t<div class=\" separator \"><span><i class=\"fa fa-minus\"><\/i><\/span><\/div>\n\t<div class=\"spacer-single\"><\/div>\t      \n[\/vc_column][vc_column width=&#8221;1\/2&#8243; animate=&#8221;fadeinleft&#8221;][vc_single_image image=&#8221;2236&#8243; img_size=&#8221;full&#8221; alignment=&#8221;center&#8221;][\/vc_column][vc_column width=&#8221;1\/2&#8243; animate=&#8221;fadeinup&#8221;][vc_column_text css=&#8221;.vc_custom_1530018689915{margin-bottom: 30px !important;}&#8221;]<\/p>\n<p style=\"text-align: justify;\">Bereits w\u00e4hrend der Kalkulation besch\u00e4ftigen wir uns intensiv mit der Abwicklung eines Bauvorhabens. In unseren Augen eine wichtige Voraussetzung um eine termin- und fachgerechte Ausf\u00fchrung garantieren zu k\u00f6nnen. Der Hochbau ist unsere Dom\u00e4ne \u2013 ob Neubau oder Sanierung und unabh\u00e4ngig von der Gr\u00f6\u00dfe wird jedes Projekt von unseren Bauexperten bis ins kleinste Detail vorbereitet und umgesetzt. Exklusive Einfamilienh\u00e4user, Wohnanlagen, Gewerbeobjekte, Hotels und sonstige touristische Anlagen stehen auf unserer Referenzliste. In den Bergen sind wir daheim und daher auch ein verl\u00e4sslicher Partner f\u00fcr Lift- und Schneeanlagen. Und noch etwas\u2026 uns ist kein Bauvorhaben zu klein, denn gerade bei feinen Umbauarbeiten zeigt sich die hohe Qualit\u00e4t, welche durch unsere Mitarbeiter umgesetzt wird.<\/p>\n<p>[\/vc_column_text][vc_single_image image=&#8221;144&#8243; img_size=&#8221;full&#8221;][\/vc_column][\/vc_row]<\/p>\n","protected":false},"excerpt":{"rendered":"<p>[vc_row fullwidth=&#8221;yes&#8221;][vc_column][\/vc_column][\/vc_row][vc_row css=&#8221;.vc_custom_1524736301660{padding-top: 90px !important;padding-bottom: 60px !important;}&#8221;][vc_column animate=&#8221;fadeinup&#8221;][\/vc_column][vc_column width=&#8221;1\/2&#8243; animate=&#8221;fadeinleft&#8221;][vc_single_image image=&#8221;2236&#8243; img_size=&#8221;full&#8221; alignment=&#8221;center&#8221;][\/vc_column][vc_column width=&#8221;1\/2&#8243; animate=&#8221;fadeinup&#8221;][vc_column_text css=&#8221;.vc_custom_1530018689915{margin-bottom: 30px !important;}&#8221;] Bereits w\u00e4hrend der Kalkulation besch\u00e4ftigen wir uns intensiv mit der Abwicklung eines Bauvorhabens. In unseren Augen eine wichtige Voraussetzung um eine termin- und fachgerechte Ausf\u00fchrung garantieren zu k\u00f6nnen. Der Hochbau ist unsere Dom\u00e4ne \u2013 ob Neubau oder [&hellip;]<\/p>\n","protected":false},"author":1,"featured_media":0,"parent":0,"menu_order":0,"comment_status":"closed","ping_status":"closed","template":"page-templates\/template-canvas.php","meta":{"inline_featured_image":false},"_links":{"self":[{"href":"https:\/\/www.vertex-nine.net\/herzogbau2022\/wp-json\/wp\/v2\/pages\/2147"}],"collection":[{"href":"https:\/\/www.vertex-nine.net\/herzogbau2022\/wp-json\/wp\/v2\/pages"}],"about":[{"href":"https:\/\/www.vertex-nine.net\/herzogbau2022\/wp-json\/wp\/v2\/types\/page"}],"author":[{"embeddable":true,"href":"https:\/\/www.vertex-nine.net\/herzogbau2022\/wp-json\/wp\/v2\/users\/1"}],"replies":[{"embeddable":true,"href":"https:\/\/www.vertex-nine.net\/herzogbau2022\/wp-json\/wp\/v2\/comments?post=2147"}],"version-history":[{"count":15,"href":"https:\/\/www.vertex-nine.net\/herzogbau2022\/wp-json\/wp\/v2\/pages\/2147\/revisions"}],"predecessor-version":[{"id":2786,"href":"https:\/\/www.vertex-nine.net\/herzogbau2022\/wp-json\/wp\/v2\/pages\/2147\/revisions\/2786"}],"wp:attachment":[{"href":"https:\/\/www.vertex-nine.net\/herzogbau2022\/wp-json\/wp\/v2\/media?parent=2147"}],"curies":[{"name":"wp","href":"https:\/\/api.w.org\/{rel}","templated":true}]}}