{"id":17394,"date":"2022-04-08T15:49:34","date_gmt":"2022-04-08T13:49:34","guid":{"rendered":"https:\/\/www.vertex-nine.net\/herzogbau2022\/?page_id=17394"},"modified":"2022-04-08T15:55:05","modified_gmt":"2022-04-08T13:55:05","slug":"mission-blau","status":"publish","type":"page","link":"https:\/\/www.vertex-nine.net\/herzogbau2022\/mission-blau\/","title":{"rendered":"MISSION BLAU"},"content":{"rendered":"<p>[vc_row fullwidth=&#8221;yes&#8221;][vc_column]\n\t\t\t<!-- START MISSION BLAU REVOLUTION SLIDER 6.5.19 --><p class=\"rs-p-wp-fix\"><\/p>\n\t\t\t<rs-module-wrap id=\"rev_slider_50_1_wrapper\" data-source=\"gallery\" style=\"visibility:hidden;background:#E9E9E9;padding:0;\">\n\t\t\t\t<rs-module id=\"rev_slider_50_1\" style=\"\" data-version=\"6.5.19\">\n\t\t\t\t\t<rs-slides>\n\t\t\t\t\t\t<rs-slide style=\"position: absolute;\" data-key=\"rs-89\" data-title=\"Slide 1\" data-in=\"o:0;\" data-out=\"a:false;\">\n\t\t\t\t\t\t\t<img src=\"\/\/www.vertex-nine.net\/herzogbau2022\/wp-content\/plugins\/revslider\/public\/assets\/assets\/dummy.png\" alt=\"Slide 1\" title=\"MISSION BLAU\" class=\"rev-slidebg tp-rs-img rs-lazyload\" data-lazyload=\"\/\/www.vertex-nine.net\/herzogbau2022\/wp-content\/plugins\/revslider\/public\/assets\/assets\/transparent.png\" data-bg=\"p:center top;c:#000000;\" data-no-retina>\n<!--\n\t\t\t\t\t\t\t--><rs-layer\n\t\t\t\t\t\t\t\tid=\"slider-50-slide-89-layer-3\" \n\t\t\t\t\t\t\t\tclass=\"rs-fsv rs-layer-video intrinsic-ignore\"\n\t\t\t\t\t\t\t\tdata-type=\"video\"\n\t\t\t\t\t\t\t\tdata-rsp_ch=\"on\"\n\t\t\t\t\t\t\t\tdata-xy=\"x:0;y:0;\"\n\t\t\t\t\t\t\t\tdata-text=\"l:22;a:inherit;\"\n\t\t\t\t\t\t\t\tdata-dim=\"w:100%;h:100%;\"\n\t\t\t\t\t\t\t\tdata-basealign=\"slide\"\n\t\t\t\t\t\t\t\tdata-video=\"vfc:true;vd:100;sta:0;end:1:30;rwd:f;fc:true;l:false;ptimer:false;nse:f;sav:f;inl:f;\"\n\t\t\t\t\t\t\t\tdata-poster=\"\/\/www.vertex-nine.net\/herzogbau2022\/wp-content\/uploads\/revslider\/video-media\/HERZOG-BAU-MISSION-GRUEN-BLAU_89_layer.jpeg\"\n\t\t\t\t\t\t\t\tdata-mp4=\"\/\/www.vertex-nine.net\/herzogbau2022\/wp-content\/uploads\/2022\/04\/HERZOG-BAU-MISSION-GRUEN-BLAU.mp4\"\n\t\t\t\t\t\t\t\tdata-frame_999=\"o:0;st:w;sR:5700;\"\n\t\t\t\t\t\t\t\tstyle=\"z-index:6;\"\n\t\t\t\t\t\t\t>\n\t\t\t\t\t\t\t<\/rs-layer><!--\n-->\t\t\t\t\t\t<\/rs-slide>\n\t\t\t\t\t<\/rs-slides>\n\t\t\t\t<\/rs-module>\n\t\t\t\t<script>\n\t\t\t\t\tsetREVStartSize({c: 'rev_slider_50_1',rl:[1240,1240,1240,480],el:[500,500,500,720],gw:[1170,1170,1170,480],gh:[500,500,500,720],type:'standard',justify:'',layout:'fullscreen',offsetContainer:'',offset:'',mh:\"0\"});if (window.RS_MODULES!==undefined && window.RS_MODULES.modules!==undefined && window.RS_MODULES.modules[\"revslider501\"]!==undefined) {window.RS_MODULES.modules[\"revslider501\"].once = false;window.revapi50 = undefined;if (window.RS_MODULES.checkMinimal!==undefined) window.RS_MODULES.checkMinimal()}\n\t\t\t\t<\/script>\n\t\t\t<\/rs-module-wrap>\n\t\t\t<!-- END REVOLUTION SLIDER -->\n[\/vc_column][\/vc_row][vc_row css=&#8221;.vc_custom_1649421699640{padding-top: 90px !important;}&#8221;][vc_column animate=&#8221;fadeinup&#8221;][\/vc_column][vc_column width=&#8221;1\/2&#8243; animate=&#8221;fadeinleft&#8221;][vc_single_image image=&#8221;17366&#8243; img_size=&#8221;full&#8221; alignment=&#8221;center&#8221; css=&#8221;.vc_custom_1649425389519{padding-right: 50px !important;padding-left: 50px !important;}&#8221;][\/vc_column][vc_column width=&#8221;1\/2&#8243; animate=&#8221;fadeinup&#8221;][vc_column_text css=&#8221;.vc_custom_1649425374915{margin-bottom: 30px !important;}&#8221;]4.000 Liter Wasser pro Jahr wird durchschnittlich auf der Baustelle von einer Partie getrunken. Das hei\u00dft ca. 2.700 1,5 Liter Plastikflaschen gingen in einem Jahr in den M\u00fcll!<\/p>\n<p>Um diese riesigen M\u00fcllansammlungen in Zukunft zu vermeiden, haben wir um Alternativen gesucht \u2013 und gefunden!<\/p>\n<p>Zwei Baustellen wurden zum Testen mit Wasserspender und Trinkflaschen ausgestattet.<\/p>\n<p>Nachdem unser Team von der neuen Maschine v\u00f6llig begeistert ist und alle Mitarbeiter davon \u00fcberzeugt sind, dass weniger M\u00fcll produziert werden muss, statten wir auch die restlichen Baustellen mit Spendern aus.<\/p>\n<p>Somit k\u00f6nnen wir auf einfachem Weg Unmengen an M\u00fcll vermeiden! Und vielleicht k\u00f6nnen wir auch anderen einen Denkansto\u00df geben &#8211; oft sind es nur kleine Dinge, die vieles ausmachen![\/vc_column_text][\/vc_column][\/vc_row][vc_row fullwidth=&#8221;yes&#8221; css=&#8221;.vc_custom_1649422024587{margin-bottom: 5px !important;border-bottom-width: 0px !important;padding-bottom: 0px !important;}&#8221;][vc_column css=&#8221;.vc_custom_1649422071629{margin-bottom: 0px !important;border-bottom-width: 0px !important;padding-bottom: 0px !important;}&#8221;][vc_media_grid element_width=&#8221;6&#8243; grid_id=&#8221;vc_gid:1649425298467-cc71e43c-053c-8&#8243; include=&#8221;17395,17396&#8243; css=&#8221;.vc_custom_1649425729237{margin-bottom: 0px !important;border-bottom-width: 0px !important;padding-bottom: 0px !important;}&#8221;][\/vc_column][\/vc_row][vc_row fullwidth=&#8221;yes&#8221; css=&#8221;.vc_custom_1649421973479{margin-top: 0px !important;margin-bottom: 0px !important;border-top-width: 0px !important;border-bottom-width: 0px !important;padding-top: 0px !important;padding-bottom: 0px !important;background-color: #50b400 !important;}&#8221;][vc_column][vc_empty_space height=&#8221;40px&#8221;]\n\t<!-- Element: OT Heading --> \t \n\t<h2 class=\"ot_custom_heading  \" style=\"text-align: center;color: #ffffff;\" >#teamherzogbau #gr\u00fcnundblau #missiongr\u00fcn<\/h2>\t\n[vc_empty_space][\/vc_column][\/vc_row][vc_row fullwidth=&#8221;yes&#8221; css=&#8221;.vc_custom_1649425749114{margin-top: 5px !important;margin-bottom: 0px !important;border-top-width: 0px !important;border-bottom-width: 0px !important;padding-top: 0px !important;padding-bottom: 0px !important;background-image: url(https:\/\/www.vertex-nine.net\/herzogbau2022\/wp-content\/uploads\/2022\/04\/mission_gruen.jpg?id=17332) !important;}&#8221;][vc_column][vc_empty_space height=&#8221;56px&#8221;][vc_single_image image=&#8221;17337&#8243; img_size=&#8221;medium&#8221; alignment=&#8221;center&#8221; onclick=&#8221;custom_link&#8221; link=&#8221;https:\/\/www.vertex-nine.net\/herzogbau2022\/mission-gruen&#8221;][vc_empty_space][\/vc_column][\/vc_row]<\/p>\n","protected":false},"excerpt":{"rendered":"<p>[vc_row fullwidth=&#8221;yes&#8221;][vc_column][\/vc_column][\/vc_row][vc_row css=&#8221;.vc_custom_1649421699640{padding-top: 90px !important;}&#8221;][vc_column animate=&#8221;fadeinup&#8221;][\/vc_column][vc_column width=&#8221;1\/2&#8243; animate=&#8221;fadeinleft&#8221;][vc_single_image image=&#8221;17366&#8243; img_size=&#8221;full&#8221; alignment=&#8221;center&#8221; css=&#8221;.vc_custom_1649425389519{padding-right: 50px !important;padding-left: 50px !important;}&#8221;][\/vc_column][vc_column width=&#8221;1\/2&#8243; animate=&#8221;fadeinup&#8221;][vc_column_text css=&#8221;.vc_custom_1649425374915{margin-bottom: 30px !important;}&#8221;]4.000 Liter Wasser pro Jahr wird durchschnittlich auf der Baustelle von einer Partie getrunken. Das hei\u00dft ca. 2.700 1,5 Liter Plastikflaschen gingen in einem Jahr in den M\u00fcll! Um diese riesigen M\u00fcllansammlungen in Zukunft zu [&hellip;]<\/p>\n","protected":false},"author":1,"featured_media":0,"parent":0,"menu_order":0,"comment_status":"closed","ping_status":"closed","template":"page-templates\/template-canvas.php","meta":{"inline_featured_image":false},"_links":{"self":[{"href":"https:\/\/www.vertex-nine.net\/herzogbau2022\/wp-json\/wp\/v2\/pages\/17394"}],"collection":[{"href":"https:\/\/www.vertex-nine.net\/herzogbau2022\/wp-json\/wp\/v2\/pages"}],"about":[{"href":"https:\/\/www.vertex-nine.net\/herzogbau2022\/wp-json\/wp\/v2\/types\/page"}],"author":[{"embeddable":true,"href":"https:\/\/www.vertex-nine.net\/herzogbau2022\/wp-json\/wp\/v2\/users\/1"}],"replies":[{"embeddable":true,"href":"https:\/\/www.vertex-nine.net\/herzogbau2022\/wp-json\/wp\/v2\/comments?post=17394"}],"version-history":[{"count":2,"href":"https:\/\/www.vertex-nine.net\/herzogbau2022\/wp-json\/wp\/v2\/pages\/17394\/revisions"}],"predecessor-version":[{"id":17398,"href":"https:\/\/www.vertex-nine.net\/herzogbau2022\/wp-json\/wp\/v2\/pages\/17394\/revisions\/17398"}],"wp:attachment":[{"href":"https:\/\/www.vertex-nine.net\/herzogbau2022\/wp-json\/wp\/v2\/media?parent=17394"}],"curies":[{"name":"wp","href":"https:\/\/api.w.org\/{rel}","templated":true}]}}